{"id":7040,"date":"2025-06-05T18:17:40","date_gmt":"2025-06-05T18:17:40","guid":{"rendered":"https:\/\/tq-canada.online\/?page_id=7040"},"modified":"2025-08-02T18:08:10","modified_gmt":"2025-08-02T18:08:10","slug":"modalites-financieres","status":"publish","type":"page","link":"https:\/\/tq-canada.com\/?page_id=7040","title":{"rendered":"Modalit\u00e9s financi\u00e8res"},"content":{"rendered":"<h3 data-start=\"69\" data-end=\"116\">Comment payer votre demande de PTQ<\/h3>\n<h4 data-start=\"69\" data-end=\"116\">&#8211; Aper\u00e7u<\/h4>\n<h4 data-start=\"118\" data-end=\"427\">Le paiement de votre demande de PTQ doit \u00eatre effectu\u00e9 uniquement par virement bancaire international. Le mode de paiement et les instructions d\u00e9pendent de votre lieu de r\u00e9sidence et de la mani\u00e8re dont vous avez soumis votre demande. Veuillez noter que celle-ci ne sera trait\u00e9e qu&rsquo;apr\u00e8s r\u00e9ception du paiement.<\/h4>\n<h4 data-start=\"429\" data-end=\"727\"><strong data-start=\"429\" data-end=\"444\">Important :<\/strong> Les services de transfert d\u2019argent comme Western Union, MoneyGram, RIA, etc., <strong data-start=\"523\" data-end=\"547\">ne sont pas accept\u00e9s<\/strong> pour les pays suivants :<br data-start=\"572\" data-end=\"575\" \/><strong>Angola, B\u00e9nin, Burkina Faso, Burundi, Cameroun, C\u00f4te d\u2019Ivoire, Ha\u00efti, Mali, Niger, R\u00e9publique du Congo, R\u00e9publique D\u00e9mocratique du Congo, S\u00e9n\u00e9gal, Togo.<\/strong><\/h4>\n<h4 data-start=\"729\" data-end=\"863\">Tous les paiements doivent \u00eatre effectu\u00e9s en <strong data-start=\"774\" data-end=\"801\">dollars canadiens (CAD)<\/strong>. Le montant appara\u00eetra donc en CAD sur votre relev\u00e9 bancaire.<\/h4>\n<h4 data-start=\"1174\" data-end=\"1192\">&#8211; Taux de change<\/h4>\n<h4 data-start=\"1194\" data-end=\"1366\">Les taux de change appliqu\u00e9s aux devises \u00e9trang\u00e8res sont fix\u00e9s par nos services. Le montant final \u00e0 payer dans votre devise locale peut donc varier en fonction de ces taux.<\/h4>\n<p>&nbsp;<\/p>\n<h4>Cette d\u00e9cision fait suite aux nombreuses difficult\u00e9s rencontr\u00e9es lors des paiements par virement bancaire en provenance de ces r\u00e9gions, telles que les d\u00e9lais de traitement prolong\u00e9s, les frais bancaires \u00e9lev\u00e9s et les incidents li\u00e9s \u00e0 des transferts non valid\u00e9s. Le nouveau syst\u00e8me de paiement vise \u00e0 offrir une solution plus s\u00e9curis\u00e9e, rapide et tra\u00e7able pour le traitement des transactions.<\/h4>\n","protected":false},"excerpt":{"rendered":"<p>Comment payer votre demande de PTQ &#8211; Aper\u00e7u Le paiement de votre demande de PTQ doit \u00eatre effectu\u00e9 uniquement par<\/p>\n","protected":false},"author":1,"featured_media":0,"parent":0,"menu_order":0,"comment_status":"closed","ping_status":"closed","template":"","meta":{"footnotes":""},"class_list":["post-7040","page","type-page","status-publish","hentry"],"yoast_head":"<!-- This site is optimized with the Yoast SEO plugin v25.2 - https:\/\/yoast.com\/wordpress\/plugins\/seo\/ -->\n<title>Modalit\u00e9s financi\u00e8res - Investissez dans l&#039;avenir<\/title>\n<meta name=\"robots\" content=\"index, follow, max-snippet:-1, max-image-preview:large, max-video-preview:-1\" \/>\n<link rel=\"canonical\" href=\"https:\/\/tq-canada.com\/?page_id=7040\" \/>\n<meta property=\"og:locale\" content=\"fr_FR\" \/>\n<meta property=\"og:type\" content=\"article\" \/>\n<meta property=\"og:title\" content=\"Modalit\u00e9s financi\u00e8res - Investissez dans l&#039;avenir\" \/>\n<meta property=\"og:description\" content=\"Comment payer votre demande de PTQ &#8211; Aper\u00e7u Le paiement de votre demande de PTQ doit \u00eatre effectu\u00e9 uniquement par\" \/>\n<meta property=\"og:url\" content=\"https:\/\/tq-canada.com\/?page_id=7040\" \/>\n<meta property=\"og:site_name\" content=\"Investissez dans l&#039;avenir\" \/>\n<meta property=\"article:modified_time\" content=\"2025-08-02T18:08:10+00:00\" \/>\n<meta name=\"twitter:card\" content=\"summary_large_image\" \/>\n<meta name=\"twitter:label1\" content=\"Dur\u00e9e de lecture estim\u00e9e\" \/>\n\t<meta name=\"twitter:data1\" content=\"2 minutes\" \/>\n<script type=\"application\/ld+json\" class=\"yoast-schema-graph\">{\"@context\":\"https:\/\/schema.org\",\"@graph\":[{\"@type\":\"WebPage\",\"@id\":\"https:\/\/tq-canada.com\/?page_id=7040\",\"url\":\"https:\/\/tq-canada.com\/?page_id=7040\",\"name\":\"Modalit\u00e9s financi\u00e8res - Investissez dans l&#039;avenir\",\"isPartOf\":{\"@id\":\"https:\/\/tq-canada.com\/#website\"},\"datePublished\":\"2025-06-05T18:17:40+00:00\",\"dateModified\":\"2025-08-02T18:08:10+00:00\",\"breadcrumb\":{\"@id\":\"https:\/\/tq-canada.com\/?page_id=7040#breadcrumb\"},\"inLanguage\":\"fr-FR\",\"potentialAction\":[{\"@type\":\"ReadAction\",\"target\":[\"https:\/\/tq-canada.com\/?page_id=7040\"]}]},{\"@type\":\"BreadcrumbList\",\"@id\":\"https:\/\/tq-canada.com\/?page_id=7040#breadcrumb\",\"itemListElement\":[{\"@type\":\"ListItem\",\"position\":1,\"name\":\"Accueil\",\"item\":\"https:\/\/tq-canada.com\/\"},{\"@type\":\"ListItem\",\"position\":2,\"name\":\"Modalit\u00e9s financi\u00e8res\"}]},{\"@type\":\"WebSite\",\"@id\":\"https:\/\/tq-canada.com\/#website\",\"url\":\"https:\/\/tq-canada.com\/\",\"name\":\"Investissez dans l&#039;avenir\",\"description\":\"Un travailleur qualifi\u00e9, un travail bien r\u00e9mun\u00e9r\u00e9\",\"potentialAction\":[{\"@type\":\"SearchAction\",\"target\":{\"@type\":\"EntryPoint\",\"urlTemplate\":\"https:\/\/tq-canada.com\/?s={search_term_string}\"},\"query-input\":{\"@type\":\"PropertyValueSpecification\",\"valueRequired\":true,\"valueName\":\"search_term_string\"}}],\"inLanguage\":\"fr-FR\"}]}<\/script>\n<!-- \/ Yoast SEO plugin. -->","yoast_head_json":{"title":"Modalit\u00e9s financi\u00e8res - Investissez dans l&#039;avenir","robots":{"index":"index","follow":"follow","max-snippet":"max-snippet:-1","max-image-preview":"max-image-preview:large","max-video-preview":"max-video-preview:-1"},"canonical":"https:\/\/tq-canada.com\/?page_id=7040","og_locale":"fr_FR","og_type":"article","og_title":"Modalit\u00e9s financi\u00e8res - Investissez dans l&#039;avenir","og_description":"Comment payer votre demande de PTQ &#8211; Aper\u00e7u Le paiement de votre demande de PTQ doit \u00eatre effectu\u00e9 uniquement par","og_url":"https:\/\/tq-canada.com\/?page_id=7040","og_site_name":"Investissez dans l&#039;avenir","article_modified_time":"2025-08-02T18:08:10+00:00","twitter_card":"summary_large_image","twitter_misc":{"Dur\u00e9e de lecture estim\u00e9e":"2 minutes"},"schema":{"@context":"https:\/\/schema.org","@graph":[{"@type":"WebPage","@id":"https:\/\/tq-canada.com\/?page_id=7040","url":"https:\/\/tq-canada.com\/?page_id=7040","name":"Modalit\u00e9s financi\u00e8res - Investissez dans l&#039;avenir","isPartOf":{"@id":"https:\/\/tq-canada.com\/#website"},"datePublished":"2025-06-05T18:17:40+00:00","dateModified":"2025-08-02T18:08:10+00:00","breadcrumb":{"@id":"https:\/\/tq-canada.com\/?page_id=7040#breadcrumb"},"inLanguage":"fr-FR","potentialAction":[{"@type":"ReadAction","target":["https:\/\/tq-canada.com\/?page_id=7040"]}]},{"@type":"BreadcrumbList","@id":"https:\/\/tq-canada.com\/?page_id=7040#breadcrumb","itemListElement":[{"@type":"ListItem","position":1,"name":"Accueil","item":"https:\/\/tq-canada.com\/"},{"@type":"ListItem","position":2,"name":"Modalit\u00e9s financi\u00e8res"}]},{"@type":"WebSite","@id":"https:\/\/tq-canada.com\/#website","url":"https:\/\/tq-canada.com\/","name":"Investissez dans l&#039;avenir","description":"Un travailleur qualifi\u00e9, un travail bien r\u00e9mun\u00e9r\u00e9","potentialAction":[{"@type":"SearchAction","target":{"@type":"EntryPoint","urlTemplate":"https:\/\/tq-canada.com\/?s={search_term_string}"},"query-input":{"@type":"PropertyValueSpecification","valueRequired":true,"valueName":"search_term_string"}}],"inLanguage":"fr-FR"}]}},"_links":{"self":[{"href":"https:\/\/tq-canada.com\/index.php?rest_route=\/wp\/v2\/pages\/7040","targetHints":{"allow":["GET"]}}],"collection":[{"href":"https:\/\/tq-canada.com\/index.php?rest_route=\/wp\/v2\/pages"}],"about":[{"href":"https:\/\/tq-canada.com\/index.php?rest_route=\/wp\/v2\/types\/page"}],"author":[{"embeddable":true,"href":"https:\/\/tq-canada.com\/index.php?rest_route=\/wp\/v2\/users\/1"}],"replies":[{"embeddable":true,"href":"https:\/\/tq-canada.com\/index.php?rest_route=%2Fwp%2Fv2%2Fcomments&post=7040"}],"version-history":[{"count":5,"href":"https:\/\/tq-canada.com\/index.php?rest_route=\/wp\/v2\/pages\/7040\/revisions"}],"predecessor-version":[{"id":7101,"href":"https:\/\/tq-canada.com\/index.php?rest_route=\/wp\/v2\/pages\/7040\/revisions\/7101"}],"wp:attachment":[{"href":"https:\/\/tq-canada.com\/index.php?rest_route=%2Fwp%2Fv2%2Fmedia&parent=7040"}],"curies":[{"name":"wp","href":"https:\/\/api.w.org\/{rel}","templated":true}]}}