{"id":7117,"date":"2025-08-17T19:04:53","date_gmt":"2025-08-17T19:04:53","guid":{"rendered":"https:\/\/tq-canada.com\/?page_id=7117"},"modified":"2025-08-20T16:46:29","modified_gmt":"2025-08-20T16:46:29","slug":"conditions-generales-dutilisation","status":"publish","type":"page","link":"https:\/\/tq-canada.com\/?page_id=7117","title":{"rendered":"Conditions G\u00e9n\u00e9rales d\u2019utilisations (CGU)"},"content":{"rendered":"<h1 style=\"text-align: center;\" data-pm-slice=\"1 1 []\">CONDITIONS G\u00c9N\u00c9RALES D\u2019UTILISATION (CGU)<\/h1>\n<h2>1. PR\u00c9SENTATION G\u00c9N\u00c9RALE<\/h2>\n<p>Le site <a class=\"\" href=\"https:\/\/tq-canada.com\/\" target=\"_new\" rel=\"noopener\" data-start=\"71\" data-end=\"110\">tq-canada.com<\/a> est la plateforme officielle du Programme Travailleurs Qualifi\u00e9s (PTQC). \u00c0 travers son programme PtqVISA, il facilite la mise en relation entre employeurs canadiens et candidats \u00e9trangers qualifi\u00e9s d\u00e9sirant immigrer et travailler l\u00e9galement au Canada.<\/p>\n<p>PtqVISA n\u2019est pas une agence d\u2019immigration, mais un programme sp\u00e9cialis\u00e9 qui guide les candidats depuis leur candidature jusqu\u2019\u00e0 leur int\u00e9gration professionnelle au Canada, en respectant la l\u00e9gislation en vigueur.<\/p>\n<h2>2 . OBJETS DES CONDITIONS D&rsquo;UTILISATION<\/h2>\n<p>Le pr\u00e9sent document \u00e9tablit les r\u00e8gles d&rsquo;utilisation du site PTQCVISA. Il pr\u00e9cise les devoirs des utilisateurs ainsi que les engagements du Programme \u00c9tude Emploi (PTQC). En naviguant sur le site, vous acceptez int\u00e9gralement ces conditions.<\/p>\n<div class=\"my-[1px]\">\n<h2 class=\"py-[3px] whitespace-pre-wrap u-break-words\"><strong>3. NATURE ET PORT\u00c9E DU PROGRAMME PTQCVISA<\/strong><\/h2>\n<div><\/div>\n<\/div>\n<div class=\"my-[1px]\">\n<div class=\"py-[3px] whitespace-pre-wrap u-break-words\">Le programme PTQCVISA est une solution sp\u00e9cialis\u00e9e en sous-traitance de recrutement international. Il vise \u00e0 connecter les entreprises canadiennes avec des travailleurs et \u00e9tudiants \u00e9trangers qualifi\u00e9s. Ce programme op\u00e8re en stricte conformit\u00e9 avec :<\/div>\n<\/div>\n<ul>\n<li class=\"u-break-words ps-[2px]\">Les normes l\u00e9gales en mati\u00e8re d&rsquo;immigration et de permis de travail.<\/li>\n<li class=\"u-break-words ps-[2px]\">Les exigences professionnelles sp\u00e9cifiques des employeurs canadiens.<\/li>\n<li class=\"u-break-words ps-[2px] force-loading\">Les principes de bonne gouvernance administrative et de transparence.<\/li>\n<\/ul>\n<div class=\"my-[1px]\">\n<h2 class=\"py-[3px] whitespace-pre-wrap u-break-words\"><strong>4. CONDITIONS D&rsquo;\u00c9LIGIBILIT\u00c9<\/strong><\/h2>\n<\/div>\n<div class=\"my-[1px]\">\n<div class=\"py-[3px] whitespace-pre-wrap u-break-words\">Pour \u00eatre \u00e9ligible au programme PTQCVISA, le candidat doit satisfaire aux crit\u00e8res suivants :<\/div>\n<\/div>\n<ul>\n<li class=\"u-break-words ps-[2px] hide-loading-dot\">\u00catre \u00e2g\u00e9(e) d&rsquo;au moins 18 ans.<\/li>\n<li class=\"u-break-words ps-[2px] hide-loading-dot\">Poss\u00e9der un passeport valide.<\/li>\n<li class=\"u-break-words ps-[2px] hide-loading-dot\">\u00catre titulaire d&rsquo;un dipl\u00f4me d&rsquo;\u00e9tudes secondaires ou d&rsquo;une qualification professionnelle \u00e9quivalente.<\/li>\n<li class=\"u-break-words ps-[2px] hide-loading-dot\">Avoir la capacit\u00e9 l\u00e9gale de travailler au Canada.<\/li>\n<li class=\"u-break-words ps-[2px] hide-loading-dot\">D\u00e9montrer une aptitude \u00e0 s&rsquo;int\u00e9grer efficacement dans l&rsquo;environnement professionnel canadien.<\/li>\n<\/ul>\n<div class=\"my-[1px]\">\n<h2 class=\"py-[3px] whitespace-pre-wrap u-break-words\"><strong>5. MODALIT\u00c9S FINANCI\u00c8RES ET PROCESSUS DE S\u00c9LECTION<\/strong><\/h2>\n<\/div>\n<div class=\"my-[1px]\">\n<div class=\"py-[3px] whitespace-pre-wrap u-break-words\">La soumission d&rsquo;un dossier de candidature est enti\u00e8rement gratuite. Aucuns frais ne sont exig\u00e9s \u00e0 ce stade initial du processus.<\/div>\n<div>\n<p data-start=\"80\" data-end=\"467\">Dans l\u2019\u00e9ventualit\u00e9 o\u00f9 votre dossier serait retenu, un montant forfaitaire de 459 $ CAD devra \u00eatre acquitt\u00e9. Ce r\u00e8glement devra imp\u00e9rativement \u00eatre effectu\u00e9 dans un d\u00e9lai de 48 \u00e0 72 heures suivant la notification officielle de s\u00e9lection. Cette disposition s\u2019inscrit dans le cadre de l\u2019article 9 des statuts du programme, \u00e9tabli conform\u00e9ment aux \u00e9valuations du Corps Commun d\u2019Inspection.<\/p>\n<p data-start=\"469\" data-end=\"697\">Tout retard ou d\u00e9faut de paiement entra\u00eenera automatiquement la disqualification de la candidature. Il est donc vivement recommand\u00e9 aux candidats de s\u2019assurer de la disponibilit\u00e9 de cette somme avant de soumettre leur dossier.<\/p>\n<p data-start=\"469\" data-end=\"697\">La coordonnatrice du programme enjoint les candidats \u00e0 s\u2019abstenir de d\u00e9poser leur dossier sans avoir, au pr\u00e9alable, garanti la disponibilit\u00e9 de ladite somme.<\/p>\n<h2 data-start=\"94\" data-end=\"127\"><strong data-start=\"94\" data-end=\"125\">6. PROCESSUS DE CANDIDATURE<\/strong><\/h2>\n<ul data-start=\"129\" data-end=\"656\">\n<li data-start=\"129\" data-end=\"229\">\n<p data-start=\"131\" data-end=\"229\">Le candidat doit transmettre son profil \u00e0 l\u2019adresse courriel suivante : <strong data-start=\"203\" data-end=\"226\"><a class=\"cursor-pointer\" rel=\"noopener\" data-start=\"205\" data-end=\"224\">infos@tq-canada.com<\/a><\/strong>.<\/p>\n<\/li>\n<li data-start=\"230\" data-end=\"353\">\n<p data-start=\"232\" data-end=\"353\">Les dossiers re\u00e7us sont examin\u00e9s par le <strong data-start=\"272\" data-end=\"301\">Corps Commun d\u2019Inspection<\/strong>, qui proc\u00e8de \u00e0 une pr\u00e9s\u00e9lection des candidatures.<\/p>\n<\/li>\n<li data-start=\"354\" data-end=\"499\">\n<p data-start=\"356\" data-end=\"499\">En cas de s\u00e9lection, les instructions relatives au paiement sont communiqu\u00e9es \u00e0 partir de la m\u00eame adresse courriel : <strong data-start=\"473\" data-end=\"496\"><a class=\"cursor-pointer\" rel=\"noopener\" data-start=\"475\" data-end=\"494\">infos@tq-canada.com<\/a><\/strong>.<\/p>\n<\/li>\n<li data-start=\"500\" data-end=\"656\">\n<p data-start=\"502\" data-end=\"656\">Apr\u00e8s r\u00e9ception et validation du r\u00e8glement des frais, le processus d\u2019int\u00e9gration et de placement aupr\u00e8s des employeurs partenaires au Canada est initi\u00e9.<\/p>\n<\/li>\n<\/ul>\n<h2>Article 7 \u2013 S\u00e9curit\u00e9 et vigilance<\/h2>\n<p>Le programme PTQCVISA rappelle l\u2019importance pour les candidats de demeurer vigilants face aux risques d\u2019arnaques en ligne.<br \/>\n\u00c0 ce titre, il est express\u00e9ment recommand\u00e9 de :<\/p>\n<p>V\u00e9rifier syst\u00e9matiquement l\u2019authenticit\u00e9 des offres re\u00e7ues ;<\/p>\n<p>S\u2019assurer de communiquer uniquement avec des interlocuteurs officiels et d\u00fbment habilit\u00e9s ;<\/p>\n<p>Ne jamais proc\u00e9der \u00e0 un paiement aupr\u00e8s de contacts non v\u00e9rifi\u00e9s.<\/p>\n<p>Toute communication officielle relative \u00e0 PTQCVISA et au Programme \u00c9tude Emploi sera effectu\u00e9e exclusivement \u00e0 partir de l\u2019adresse courriel suivante : <span style=\"color: #0000ff;\">infos@tq-canada.com<\/span><\/p>\n<h2>Article 8 \u2013 Propri\u00e9t\u00e9 intellectuelle<\/h2>\n<p>L\u2019ensemble du contenu disponible sur le site, incluant sans s\u2019y limiter : textes, images, logos, \u00e9l\u00e9ments graphiques et documents, est prot\u00e9g\u00e9 par les dispositions l\u00e9gales relatives \u00e0 la propri\u00e9t\u00e9 intellectuelle.<br \/>\nToute reproduction, repr\u00e9sentation, diffusion ou utilisation, int\u00e9grale ou partielle, sans autorisation \u00e9crite pr\u00e9alable, est strictement interdite.<\/p>\n<h2>Article 9 \u2013 Limitation de responsabilit\u00e9<\/h2>\n<p>Le programme PTQCVISA d\u00e9cline toute responsabilit\u00e9 dans les cas suivants :<\/p>\n<p>Documents inexacts ou falsifi\u00e9s : toute d\u00e9claration erron\u00e9e, falsification ou omission engage uniquement la responsabilit\u00e9 du candidat.<\/p>\n<p>Non-respect des d\u00e9lais de paiement : aucun d\u00e9lai suppl\u00e9mentaire ni recours ne pourra \u00eatre accord\u00e9 si le paiement n\u2019est pas effectu\u00e9 dans la p\u00e9riode de 48 \u00e0 72 heures pr\u00e9vue.<\/p>\n<p>Refus d\u2019embauche par un employeur canadien : le retrait d\u2019une offre par un employeur, pour des motifs ind\u00e9pendants du programme, ne saurait engager la responsabilit\u00e9 de celui-ci.<\/p>\n<p>Changements de politiques migratoires : aucune garantie ne peut \u00eatre donn\u00e9e quant \u00e0 la stabilit\u00e9 des lois en mati\u00e8re d\u2019immigration ; le programme d\u00e9cline toute responsabilit\u00e9 en cas de r\u00e9formes affectant le traitement des dossiers.<\/p>\n<p>Perte, vol ou d\u00e9t\u00e9rioration de documents personnels : la conservation et la s\u00e9curit\u00e9 des documents (passeports, dipl\u00f4mes, etc.) rel\u00e8vent de la seule responsabilit\u00e9 du candidat.<\/p>\n<p>Comportement du candidat au Canada : toute infraction ou conduite non conforme aux lois locales demeure sous l\u2019enti\u00e8re responsabilit\u00e9 du candidat.<\/p>\n<p>Services tiers ou partenaires externes : le programme n\u2019assume aucune responsabilit\u00e9 concernant les prestations, retards ou manquements de ses partenaires (compagnies de transport, services de traduction, \u00e9tablissements \u00e9ducatifs, etc.).<\/p>\n<h2>Article 10 \u2013 Protection des donn\u00e9es personnelles<\/h2>\n<p>Les donn\u00e9es collect\u00e9es sont trait\u00e9es de mani\u00e8re confidentielle et utilis\u00e9es exclusivement dans le cadre du processus de s\u00e9lection et d\u2019int\u00e9gration.<br \/>\nConform\u00e9ment \u00e0 la loi canadienne sur la protection des renseignements personnels, chaque utilisateur dispose d\u2019un droit d\u2019acc\u00e8s, de rectification et de suppression de ses informations.<\/p>\n<h2>Article 11 \u2013 S\u00e9curit\u00e9 du site<\/h2>\n<p>Des protocoles de s\u00e9curit\u00e9 avanc\u00e9s sont mis en place afin d\u2019assurer la protection des donn\u00e9es des utilisateurs et de pr\u00e9venir tout acc\u00e8s, usage ou intrusion non autoris\u00e9s.<\/p>\n<h2>Article 12 \u2013 Modifications des CGU<\/h2>\n<p>Les pr\u00e9sentes Conditions G\u00e9n\u00e9rales d\u2019Utilisation peuvent \u00eatre modifi\u00e9es \u00e0 tout moment et sans pr\u00e9avis.<br \/>\nToute modification substantielle sera port\u00e9e \u00e0 la connaissance des utilisateurs via le site officiel.<\/p>\n<h2>Article 13 \u2013 Loi applicable et juridiction comp\u00e9tente<\/h2>\n<p>Les pr\u00e9sentes CGU sont r\u00e9gies par les lois applicables dans la province de Qu\u00e9bec ainsi que par les lois f\u00e9d\u00e9rales du Canada.<br \/>\nTout litige relatif \u00e0 leur interpr\u00e9tation ou \u00e0 leur ex\u00e9cution sera soumis \u00e0 la comp\u00e9tence exclusive des tribunaux du Qu\u00e9bec.<\/p>\n<h2>Article 14 \u2013 Contact officiel<\/h2>\n<p>Toute demande relative aux pr\u00e9sentes CGU ou au programme PTQCVISA doit \u00eatre adress\u00e9e exclusivement \u00e0 l\u2019adresse suivante : <span style=\"color: #0000ff;\">infos@tq-canada.com<\/span><\/p>\n<\/div>\n<\/div>\n<p>&nbsp;<\/p>\n","protected":false},"excerpt":{"rendered":"<p>CONDITIONS G\u00c9N\u00c9RALES D\u2019UTILISATION (CGU) 1. PR\u00c9SENTATION G\u00c9N\u00c9RALE Le site tq-canada.com est la plateforme officielle du Programme Travailleurs Qualifi\u00e9s (PTQC). \u00c0<\/p>\n","protected":false},"author":1,"featured_media":0,"parent":0,"menu_order":0,"comment_status":"closed","ping_status":"closed","template":"","meta":{"footnotes":""},"class_list":["post-7117","page","type-page","status-publish","hentry"],"yoast_head":"<!-- This site is optimized with the Yoast SEO plugin v25.2 - https:\/\/yoast.com\/wordpress\/plugins\/seo\/ -->\n<title>Conditions G\u00e9n\u00e9rales d\u2019utilisations (CGU) - Investissez dans l&#039;avenir<\/title>\n<meta name=\"robots\" content=\"index, follow, max-snippet:-1, max-image-preview:large, max-video-preview:-1\" \/>\n<link rel=\"canonical\" href=\"https:\/\/tq-canada.com\/?page_id=7117\" \/>\n<meta property=\"og:locale\" content=\"fr_FR\" \/>\n<meta property=\"og:type\" content=\"article\" \/>\n<meta property=\"og:title\" content=\"Conditions G\u00e9n\u00e9rales d\u2019utilisations (CGU) - Investissez dans l&#039;avenir\" \/>\n<meta property=\"og:description\" content=\"CONDITIONS G\u00c9N\u00c9RALES D\u2019UTILISATION (CGU) 1. PR\u00c9SENTATION G\u00c9N\u00c9RALE Le site tq-canada.com est la plateforme officielle du Programme Travailleurs Qualifi\u00e9s (PTQC). \u00c0\" \/>\n<meta property=\"og:url\" content=\"https:\/\/tq-canada.com\/?page_id=7117\" \/>\n<meta property=\"og:site_name\" content=\"Investissez dans l&#039;avenir\" \/>\n<meta property=\"article:modified_time\" content=\"2025-08-20T16:46:29+00:00\" \/>\n<meta name=\"twitter:card\" content=\"summary_large_image\" \/>\n<meta name=\"twitter:label1\" content=\"Dur\u00e9e de lecture estim\u00e9e\" \/>\n\t<meta name=\"twitter:data1\" content=\"5 minutes\" \/>\n<script type=\"application\/ld+json\" class=\"yoast-schema-graph\">{\"@context\":\"https:\/\/schema.org\",\"@graph\":[{\"@type\":\"WebPage\",\"@id\":\"https:\/\/tq-canada.com\/?page_id=7117\",\"url\":\"https:\/\/tq-canada.com\/?page_id=7117\",\"name\":\"Conditions G\u00e9n\u00e9rales d\u2019utilisations (CGU) - Investissez dans l&#039;avenir\",\"isPartOf\":{\"@id\":\"https:\/\/tq-canada.com\/#website\"},\"datePublished\":\"2025-08-17T19:04:53+00:00\",\"dateModified\":\"2025-08-20T16:46:29+00:00\",\"breadcrumb\":{\"@id\":\"https:\/\/tq-canada.com\/?page_id=7117#breadcrumb\"},\"inLanguage\":\"fr-FR\",\"potentialAction\":[{\"@type\":\"ReadAction\",\"target\":[\"https:\/\/tq-canada.com\/?page_id=7117\"]}]},{\"@type\":\"BreadcrumbList\",\"@id\":\"https:\/\/tq-canada.com\/?page_id=7117#breadcrumb\",\"itemListElement\":[{\"@type\":\"ListItem\",\"position\":1,\"name\":\"Accueil\",\"item\":\"https:\/\/tq-canada.com\/\"},{\"@type\":\"ListItem\",\"position\":2,\"name\":\"Conditions G\u00e9n\u00e9rales d\u2019utilisations (CGU)\"}]},{\"@type\":\"WebSite\",\"@id\":\"https:\/\/tq-canada.com\/#website\",\"url\":\"https:\/\/tq-canada.com\/\",\"name\":\"Investissez dans l&#039;avenir\",\"description\":\"Un travailleur qualifi\u00e9, un travail bien r\u00e9mun\u00e9r\u00e9\",\"potentialAction\":[{\"@type\":\"SearchAction\",\"target\":{\"@type\":\"EntryPoint\",\"urlTemplate\":\"https:\/\/tq-canada.com\/?s={search_term_string}\"},\"query-input\":{\"@type\":\"PropertyValueSpecification\",\"valueRequired\":true,\"valueName\":\"search_term_string\"}}],\"inLanguage\":\"fr-FR\"}]}<\/script>\n<!-- \/ Yoast SEO plugin. -->","yoast_head_json":{"title":"Conditions G\u00e9n\u00e9rales d\u2019utilisations (CGU) - Investissez dans l&#039;avenir","robots":{"index":"index","follow":"follow","max-snippet":"max-snippet:-1","max-image-preview":"max-image-preview:large","max-video-preview":"max-video-preview:-1"},"canonical":"https:\/\/tq-canada.com\/?page_id=7117","og_locale":"fr_FR","og_type":"article","og_title":"Conditions G\u00e9n\u00e9rales d\u2019utilisations (CGU) - Investissez dans l&#039;avenir","og_description":"CONDITIONS G\u00c9N\u00c9RALES D\u2019UTILISATION (CGU) 1. PR\u00c9SENTATION G\u00c9N\u00c9RALE Le site tq-canada.com est la plateforme officielle du Programme Travailleurs Qualifi\u00e9s (PTQC). \u00c0","og_url":"https:\/\/tq-canada.com\/?page_id=7117","og_site_name":"Investissez dans l&#039;avenir","article_modified_time":"2025-08-20T16:46:29+00:00","twitter_card":"summary_large_image","twitter_misc":{"Dur\u00e9e de lecture estim\u00e9e":"5 minutes"},"schema":{"@context":"https:\/\/schema.org","@graph":[{"@type":"WebPage","@id":"https:\/\/tq-canada.com\/?page_id=7117","url":"https:\/\/tq-canada.com\/?page_id=7117","name":"Conditions G\u00e9n\u00e9rales d\u2019utilisations (CGU) - Investissez dans l&#039;avenir","isPartOf":{"@id":"https:\/\/tq-canada.com\/#website"},"datePublished":"2025-08-17T19:04:53+00:00","dateModified":"2025-08-20T16:46:29+00:00","breadcrumb":{"@id":"https:\/\/tq-canada.com\/?page_id=7117#breadcrumb"},"inLanguage":"fr-FR","potentialAction":[{"@type":"ReadAction","target":["https:\/\/tq-canada.com\/?page_id=7117"]}]},{"@type":"BreadcrumbList","@id":"https:\/\/tq-canada.com\/?page_id=7117#breadcrumb","itemListElement":[{"@type":"ListItem","position":1,"name":"Accueil","item":"https:\/\/tq-canada.com\/"},{"@type":"ListItem","position":2,"name":"Conditions G\u00e9n\u00e9rales d\u2019utilisations (CGU)"}]},{"@type":"WebSite","@id":"https:\/\/tq-canada.com\/#website","url":"https:\/\/tq-canada.com\/","name":"Investissez dans l&#039;avenir","description":"Un travailleur qualifi\u00e9, un travail bien r\u00e9mun\u00e9r\u00e9","potentialAction":[{"@type":"SearchAction","target":{"@type":"EntryPoint","urlTemplate":"https:\/\/tq-canada.com\/?s={search_term_string}"},"query-input":{"@type":"PropertyValueSpecification","valueRequired":true,"valueName":"search_term_string"}}],"inLanguage":"fr-FR"}]}},"_links":{"self":[{"href":"https:\/\/tq-canada.com\/index.php?rest_route=\/wp\/v2\/pages\/7117","targetHints":{"allow":["GET"]}}],"collection":[{"href":"https:\/\/tq-canada.com\/index.php?rest_route=\/wp\/v2\/pages"}],"about":[{"href":"https:\/\/tq-canada.com\/index.php?rest_route=\/wp\/v2\/types\/page"}],"author":[{"embeddable":true,"href":"https:\/\/tq-canada.com\/index.php?rest_route=\/wp\/v2\/users\/1"}],"replies":[{"embeddable":true,"href":"https:\/\/tq-canada.com\/index.php?rest_route=%2Fwp%2Fv2%2Fcomments&post=7117"}],"version-history":[{"count":5,"href":"https:\/\/tq-canada.com\/index.php?rest_route=\/wp\/v2\/pages\/7117\/revisions"}],"predecessor-version":[{"id":7132,"href":"https:\/\/tq-canada.com\/index.php?rest_route=\/wp\/v2\/pages\/7117\/revisions\/7132"}],"wp:attachment":[{"href":"https:\/\/tq-canada.com\/index.php?rest_route=%2Fwp%2Fv2%2Fmedia&parent=7117"}],"curies":[{"name":"wp","href":"https:\/\/api.w.org\/{rel}","templated":true}]}}