{"id":7121,"date":"2025-08-20T03:46:40","date_gmt":"2025-08-20T03:46:40","guid":{"rendered":"https:\/\/tq-canada.com\/?page_id=7121"},"modified":"2025-08-20T16:45:14","modified_gmt":"2025-08-20T16:45:14","slug":"recrutements-chez-tqc","status":"publish","type":"page","link":"https:\/\/tq-canada.com\/?page_id=7121","title":{"rendered":"Recrutements chez TQC"},"content":{"rendered":"<h4>De nombreuses entreprises canadiennes font face \u00e0 des d\u00e9fis de recrutement qui freinent leur d\u00e9veloppement. TQC r\u00e9pond directement \u00e0 cet enjeu en vous donnant acc\u00e8s \u00e0 un bassin de talents mondiaux. Nous mobilisons notre r\u00e9seau international pour trouver les comp\u00e9tences pr\u00e9cises dont votre entreprise a besoin pour accro\u00eetre sa productivit\u00e9.<\/h4>\n<h4>Notre mission chez TQC est de connecter les entreprises qu\u00e9b\u00e9coises et canadiennes avec des travailleurs qualifi\u00e9s, locaux et internationaux, pour r\u00e9pondre efficacement \u00e0 leurs besoins en main-d&rsquo;\u0153uvre. Nous facilitons des jumelages durables en nous assurant de l&rsquo;ad\u00e9quation entre les comp\u00e9tences des candidats, leurs aspirations et la culture de l&rsquo;entreprise, tout en guidant les talents vers des carri\u00e8res prometteuses.<\/h4>\n<h1 class=\"mt-[1em] mb-[1px]\" style=\"text-align: left;\" data-level=\"3\"><strong>Des solutions de recrutement adapt\u00e9es .<\/strong><\/h1>\n<h4 class=\"py-[3px] whitespace-pre-wrap u-break-words\">Chez TQC, nous comprenons que le succ\u00e8s de votre entreprise repose sur la force de vos \u00e9quipes. C&rsquo;est pourquoi nous avons d\u00e9velopp\u00e9 une gamme de services sp\u00e9cialis\u00e9s pour r\u00e9pondre pr\u00e9cis\u00e9ment \u00e0 vos besoins en main-d&rsquo;\u0153uvre, que ce soit au niveau local, international ou dans des secteurs sp\u00e9cifiques.<\/h4>\n<h4 class=\"py-[3px] whitespace-pre-wrap u-break-words\"><strong>1. Recrutement Local<\/strong> : Nous vous connectons avec les meilleurs talents disponibles dans votre r\u00e9gion. Notre connaissance approfondie du march\u00e9 local nous permet d&rsquo;identifier rapidement des candidats qualifi\u00e9s dont le profil correspond non seulement aux exigences du poste, mais aussi \u00e0 la culture de votre entreprise, garantissant une int\u00e9gration rapide et r\u00e9ussie.<\/h4>\n<h4 class=\"py-[3px] whitespace-pre-wrap u-break-words\"><strong>2. Recrutement International :<\/strong> Acc\u00e9dez \u00e0 un bassin mondial de talents qualifi\u00e9s gr\u00e2ce \u00e0 notre r\u00e9seau de partenaires internationaux. Nous g\u00e9rons l&rsquo;ensemble du processus, de la s\u00e9lection des candidats \u00e0 leur int\u00e9gration, pour vous offrir une solution cl\u00e9 en main qui vous permet de combler des postes sp\u00e9cialis\u00e9s et de diversifier vos \u00e9quipes.<\/h4>\n<h4 class=\"py-[3px] whitespace-pre-wrap u-break-words\"><strong>3. Recrutement Sp\u00e9cialis\u00e9 \u2013 Secteur de la Construction<\/strong> Le secteur de la construction exige une expertise pointue et une grande r\u00e9activit\u00e9. Notre \u00e9quipe d\u00e9di\u00e9e au recrutement dans ce domaine vous aide \u00e0 trouver rapidement des travailleurs qualifi\u00e9s et fiables (charpentiers, \u00e9lectriciens, gestionnaires de projet, etc.) pour respecter vos \u00e9ch\u00e9anciers et assurer la qualit\u00e9 de vos projets.<\/h4>\n<h4 class=\"my-[1px]\"><strong>4. D\u00e9veloppement des Comp\u00e9tences<\/strong> Nous croyons que l&rsquo;investissement dans le capital humain est la cl\u00e9 d&rsquo;une croissance durable. Nous accompagnons les entreprises et les travailleurs dans le d\u00e9veloppement des comp\u00e9tences par des formations cibl\u00e9es et des plans de carri\u00e8re personnalis\u00e9s. Notre objectif : assurer que vos \u00e9quipes poss\u00e8dent les aptitudes n\u00e9cessaires pour relever les d\u00e9fis de demain.<\/h4>\n","protected":false},"excerpt":{"rendered":"<p>De nombreuses entreprises canadiennes font face \u00e0 des d\u00e9fis de recrutement qui freinent leur d\u00e9veloppement. TQC r\u00e9pond directement \u00e0 cet<\/p>\n","protected":false},"author":1,"featured_media":0,"parent":0,"menu_order":0,"comment_status":"closed","ping_status":"closed","template":"","meta":{"footnotes":""},"class_list":["post-7121","page","type-page","status-publish","hentry"],"yoast_head":"<!-- This site is optimized with the Yoast SEO plugin v25.2 - https:\/\/yoast.com\/wordpress\/plugins\/seo\/ -->\n<title>Recrutements chez TQC - Investissez dans l&#039;avenir<\/title>\n<meta name=\"robots\" content=\"index, follow, max-snippet:-1, max-image-preview:large, max-video-preview:-1\" \/>\n<link rel=\"canonical\" href=\"https:\/\/tq-canada.com\/?page_id=7121\" \/>\n<meta property=\"og:locale\" content=\"fr_FR\" \/>\n<meta property=\"og:type\" content=\"article\" \/>\n<meta property=\"og:title\" content=\"Recrutements chez TQC - Investissez dans l&#039;avenir\" \/>\n<meta property=\"og:description\" content=\"De nombreuses entreprises canadiennes font face \u00e0 des d\u00e9fis de recrutement qui freinent leur d\u00e9veloppement. TQC r\u00e9pond directement \u00e0 cet\" \/>\n<meta property=\"og:url\" content=\"https:\/\/tq-canada.com\/?page_id=7121\" \/>\n<meta property=\"og:site_name\" content=\"Investissez dans l&#039;avenir\" \/>\n<meta property=\"article:modified_time\" content=\"2025-08-20T16:45:14+00:00\" \/>\n<meta name=\"twitter:card\" content=\"summary_large_image\" \/>\n<meta name=\"twitter:label1\" content=\"Dur\u00e9e de lecture estim\u00e9e\" \/>\n\t<meta name=\"twitter:data1\" content=\"2 minutes\" \/>\n<script type=\"application\/ld+json\" class=\"yoast-schema-graph\">{\"@context\":\"https:\/\/schema.org\",\"@graph\":[{\"@type\":\"WebPage\",\"@id\":\"https:\/\/tq-canada.com\/?page_id=7121\",\"url\":\"https:\/\/tq-canada.com\/?page_id=7121\",\"name\":\"Recrutements chez TQC - Investissez dans l&#039;avenir\",\"isPartOf\":{\"@id\":\"https:\/\/tq-canada.com\/#website\"},\"datePublished\":\"2025-08-20T03:46:40+00:00\",\"dateModified\":\"2025-08-20T16:45:14+00:00\",\"breadcrumb\":{\"@id\":\"https:\/\/tq-canada.com\/?page_id=7121#breadcrumb\"},\"inLanguage\":\"fr-FR\",\"potentialAction\":[{\"@type\":\"ReadAction\",\"target\":[\"https:\/\/tq-canada.com\/?page_id=7121\"]}]},{\"@type\":\"BreadcrumbList\",\"@id\":\"https:\/\/tq-canada.com\/?page_id=7121#breadcrumb\",\"itemListElement\":[{\"@type\":\"ListItem\",\"position\":1,\"name\":\"Accueil\",\"item\":\"https:\/\/tq-canada.com\/\"},{\"@type\":\"ListItem\",\"position\":2,\"name\":\"Recrutements chez TQC\"}]},{\"@type\":\"WebSite\",\"@id\":\"https:\/\/tq-canada.com\/#website\",\"url\":\"https:\/\/tq-canada.com\/\",\"name\":\"Investissez dans l&#039;avenir\",\"description\":\"Un travailleur qualifi\u00e9, un travail bien r\u00e9mun\u00e9r\u00e9\",\"potentialAction\":[{\"@type\":\"SearchAction\",\"target\":{\"@type\":\"EntryPoint\",\"urlTemplate\":\"https:\/\/tq-canada.com\/?s={search_term_string}\"},\"query-input\":{\"@type\":\"PropertyValueSpecification\",\"valueRequired\":true,\"valueName\":\"search_term_string\"}}],\"inLanguage\":\"fr-FR\"}]}<\/script>\n<!-- \/ Yoast SEO plugin. -->","yoast_head_json":{"title":"Recrutements chez TQC - Investissez dans l&#039;avenir","robots":{"index":"index","follow":"follow","max-snippet":"max-snippet:-1","max-image-preview":"max-image-preview:large","max-video-preview":"max-video-preview:-1"},"canonical":"https:\/\/tq-canada.com\/?page_id=7121","og_locale":"fr_FR","og_type":"article","og_title":"Recrutements chez TQC - Investissez dans l&#039;avenir","og_description":"De nombreuses entreprises canadiennes font face \u00e0 des d\u00e9fis de recrutement qui freinent leur d\u00e9veloppement. TQC r\u00e9pond directement \u00e0 cet","og_url":"https:\/\/tq-canada.com\/?page_id=7121","og_site_name":"Investissez dans l&#039;avenir","article_modified_time":"2025-08-20T16:45:14+00:00","twitter_card":"summary_large_image","twitter_misc":{"Dur\u00e9e de lecture estim\u00e9e":"2 minutes"},"schema":{"@context":"https:\/\/schema.org","@graph":[{"@type":"WebPage","@id":"https:\/\/tq-canada.com\/?page_id=7121","url":"https:\/\/tq-canada.com\/?page_id=7121","name":"Recrutements chez TQC - Investissez dans l&#039;avenir","isPartOf":{"@id":"https:\/\/tq-canada.com\/#website"},"datePublished":"2025-08-20T03:46:40+00:00","dateModified":"2025-08-20T16:45:14+00:00","breadcrumb":{"@id":"https:\/\/tq-canada.com\/?page_id=7121#breadcrumb"},"inLanguage":"fr-FR","potentialAction":[{"@type":"ReadAction","target":["https:\/\/tq-canada.com\/?page_id=7121"]}]},{"@type":"BreadcrumbList","@id":"https:\/\/tq-canada.com\/?page_id=7121#breadcrumb","itemListElement":[{"@type":"ListItem","position":1,"name":"Accueil","item":"https:\/\/tq-canada.com\/"},{"@type":"ListItem","position":2,"name":"Recrutements chez TQC"}]},{"@type":"WebSite","@id":"https:\/\/tq-canada.com\/#website","url":"https:\/\/tq-canada.com\/","name":"Investissez dans l&#039;avenir","description":"Un travailleur qualifi\u00e9, un travail bien r\u00e9mun\u00e9r\u00e9","potentialAction":[{"@type":"SearchAction","target":{"@type":"EntryPoint","urlTemplate":"https:\/\/tq-canada.com\/?s={search_term_string}"},"query-input":{"@type":"PropertyValueSpecification","valueRequired":true,"valueName":"search_term_string"}}],"inLanguage":"fr-FR"}]}},"_links":{"self":[{"href":"https:\/\/tq-canada.com\/index.php?rest_route=\/wp\/v2\/pages\/7121","targetHints":{"allow":["GET"]}}],"collection":[{"href":"https:\/\/tq-canada.com\/index.php?rest_route=\/wp\/v2\/pages"}],"about":[{"href":"https:\/\/tq-canada.com\/index.php?rest_route=\/wp\/v2\/types\/page"}],"author":[{"embeddable":true,"href":"https:\/\/tq-canada.com\/index.php?rest_route=\/wp\/v2\/users\/1"}],"replies":[{"embeddable":true,"href":"https:\/\/tq-canada.com\/index.php?rest_route=%2Fwp%2Fv2%2Fcomments&post=7121"}],"version-history":[{"count":5,"href":"https:\/\/tq-canada.com\/index.php?rest_route=\/wp\/v2\/pages\/7121\/revisions"}],"predecessor-version":[{"id":7131,"href":"https:\/\/tq-canada.com\/index.php?rest_route=\/wp\/v2\/pages\/7121\/revisions\/7131"}],"wp:attachment":[{"href":"https:\/\/tq-canada.com\/index.php?rest_route=%2Fwp%2Fv2%2Fmedia&parent=7121"}],"curies":[{"name":"wp","href":"https:\/\/api.w.org\/{rel}","templated":true}]}}